{"id":54,"date":"2025-02-16T19:25:37","date_gmt":"2025-02-16T19:25:37","guid":{"rendered":"https:\/\/new.yixue.se.hemsida.eu\/?page_id=54"},"modified":"2025-02-16T19:28:57","modified_gmt":"2025-02-16T19:28:57","slug":"galleri","status":"publish","type":"page","link":"https:\/\/yixue.se\/index.php\/galleri\/","title":{"rendered":"Galleri"},"content":{"rendered":"\n<p>Kika in i v\u00e5rt videogalleri! H\u00e4r visar vi lite av v\u00e5ra olika danser och en fin intervju med Joyce Mok som ber\u00e4ttar lite om YiXue!<\/p>\n\n\n\n<figure class=\"wp-block-embed is-type-wp-embed is-provider-yixue-de wp-block-embed-yixue-de\"><div class=\"wp-block-embed__wrapper\">\n<blockquote class=\"wp-embedded-content\" data-secret=\"ewyXnn7aEi\"><a href=\"https:\/\/yixue.de\/yixue-video-gallery\/\">YiXue Video Gallery<\/a><\/blockquote><iframe loading=\"lazy\" class=\"wp-embedded-content\" sandbox=\"allow-scripts\" security=\"restricted\" style=\"position: absolute; visibility: hidden;\" title=\"&#8222;YiXue Video Gallery&#8220; &#8212; yixue.de\" src=\"https:\/\/yixue.de\/yixue-video-gallery\/embed\/#?secret=gwfjmLMTlr#?secret=ewyXnn7aEi\" data-secret=\"ewyXnn7aEi\" width=\"500\" height=\"282\" frameborder=\"0\" marginwidth=\"0\" marginheight=\"0\" scrolling=\"no\"><\/iframe>\n<\/div><\/figure>\n\n\n\n<h2 class=\"wp-block-heading\">BLANDADE FOTON<\/h2>\n\n\n\n<figure class=\"wp-block-gallery has-nested-images columns-default is-cropped wp-block-gallery-1 is-layout-flex wp-block-gallery-is-layout-flex\">\n<figure class=\"wp-block-image size-large\"><img loading=\"lazy\" decoding=\"async\" width=\"1024\" height=\"683\" data-id=\"84\" src=\"https:\/\/new.yixue.se.hemsida.eu\/wp-content\/uploads\/2025\/02\/YiXueDrachenlaeufer_009-1024x683.jpg\" alt=\"\" class=\"wp-image-84\" srcset=\"https:\/\/yixue.se\/wp-content\/uploads\/2025\/02\/YiXueDrachenlaeufer_009-1024x683.jpg 1024w, https:\/\/yixue.se\/wp-content\/uploads\/2025\/02\/YiXueDrachenlaeufer_009-300x200.jpg 300w, https:\/\/yixue.se\/wp-content\/uploads\/2025\/02\/YiXueDrachenlaeufer_009-768x512.jpg 768w, https:\/\/yixue.se\/wp-content\/uploads\/2025\/02\/YiXueDrachenlaeufer_009-1536x1024.jpg 1536w, https:\/\/yixue.se\/wp-content\/uploads\/2025\/02\/YiXueDrachenlaeufer_009-2048x1365.jpg 2048w\" sizes=\"auto, (max-width: 1024px) 100vw, 1024px\" \/><\/figure>\n\n\n\n<figure class=\"wp-block-image size-large\"><img loading=\"lazy\" decoding=\"async\" width=\"1024\" height=\"683\" data-id=\"77\" src=\"https:\/\/new.yixue.se.hemsida.eu\/wp-content\/uploads\/2025\/02\/YiXueTanz_YiKuaiBu_TanzmitdemTuch_003-1024x683.jpg\" alt=\"\" class=\"wp-image-77\" srcset=\"https:\/\/yixue.se\/wp-content\/uploads\/2025\/02\/YiXueTanz_YiKuaiBu_TanzmitdemTuch_003-1024x683.jpg 1024w, https:\/\/yixue.se\/wp-content\/uploads\/2025\/02\/YiXueTanz_YiKuaiBu_TanzmitdemTuch_003-300x200.jpg 300w, https:\/\/yixue.se\/wp-content\/uploads\/2025\/02\/YiXueTanz_YiKuaiBu_TanzmitdemTuch_003-768x512.jpg 768w, https:\/\/yixue.se\/wp-content\/uploads\/2025\/02\/YiXueTanz_YiKuaiBu_TanzmitdemTuch_003-1536x1024.jpg 1536w, https:\/\/yixue.se\/wp-content\/uploads\/2025\/02\/YiXueTanz_YiKuaiBu_TanzmitdemTuch_003-2048x1365.jpg 2048w\" sizes=\"auto, (max-width: 1024px) 100vw, 1024px\" \/><\/figure>\n\n\n\n<figure class=\"wp-block-image size-large\"><img loading=\"lazy\" decoding=\"async\" width=\"768\" height=\"1024\" data-id=\"60\" src=\"https:\/\/new.yixue.se.hemsida.eu\/wp-content\/uploads\/2025\/02\/29c429d1-88d2-4008-b9c1-c7b277df9e1e-1-768x1024.jpg\" alt=\"\" class=\"wp-image-60\" srcset=\"https:\/\/yixue.se\/wp-content\/uploads\/2025\/02\/29c429d1-88d2-4008-b9c1-c7b277df9e1e-1-768x1024.jpg 768w, https:\/\/yixue.se\/wp-content\/uploads\/2025\/02\/29c429d1-88d2-4008-b9c1-c7b277df9e1e-1-225x300.jpg 225w, https:\/\/yixue.se\/wp-content\/uploads\/2025\/02\/29c429d1-88d2-4008-b9c1-c7b277df9e1e-1-1152x1536.jpg 1152w, https:\/\/yixue.se\/wp-content\/uploads\/2025\/02\/29c429d1-88d2-4008-b9c1-c7b277df9e1e-1.jpg 1536w\" sizes=\"auto, (max-width: 768px) 100vw, 768px\" \/><\/figure>\n\n\n\n<figure class=\"wp-block-image size-large\"><img loading=\"lazy\" decoding=\"async\" width=\"1024\" height=\"461\" data-id=\"56\" src=\"https:\/\/new.yixue.se.hemsida.eu\/wp-content\/uploads\/2025\/02\/Ales-Stenar-Solnedgang-1024x461.jpg\" alt=\"\" class=\"wp-image-56\" srcset=\"https:\/\/yixue.se\/wp-content\/uploads\/2025\/02\/Ales-Stenar-Solnedgang-1024x461.jpg 1024w, https:\/\/yixue.se\/wp-content\/uploads\/2025\/02\/Ales-Stenar-Solnedgang-300x135.jpg 300w, https:\/\/yixue.se\/wp-content\/uploads\/2025\/02\/Ales-Stenar-Solnedgang-768x346.jpg 768w, https:\/\/yixue.se\/wp-content\/uploads\/2025\/02\/Ales-Stenar-Solnedgang.jpg 1280w\" sizes=\"auto, (max-width: 1024px) 100vw, 1024px\" \/><\/figure>\n\n\n\n<figure class=\"wp-block-image size-large\"><img loading=\"lazy\" decoding=\"async\" width=\"795\" height=\"744\" data-id=\"69\" src=\"https:\/\/new.yixue.se.hemsida.eu\/wp-content\/uploads\/2025\/02\/bagwan-4.png\" alt=\"\" class=\"wp-image-69\" srcset=\"https:\/\/yixue.se\/wp-content\/uploads\/2025\/02\/bagwan-4.png 795w, https:\/\/yixue.se\/wp-content\/uploads\/2025\/02\/bagwan-4-300x281.png 300w, https:\/\/yixue.se\/wp-content\/uploads\/2025\/02\/bagwan-4-768x719.png 768w\" sizes=\"auto, (max-width: 795px) 100vw, 795px\" \/><\/figure>\n\n\n\n<figure class=\"wp-block-image size-large\"><img loading=\"lazy\" decoding=\"async\" width=\"358\" height=\"640\" data-id=\"57\" src=\"https:\/\/new.yixue.se.hemsida.eu\/wp-content\/uploads\/2025\/02\/Bild-Sifu-Vita-lotusar-1.jpeg\" alt=\"\" class=\"wp-image-57\" srcset=\"https:\/\/yixue.se\/wp-content\/uploads\/2025\/02\/Bild-Sifu-Vita-lotusar-1.jpeg 358w, https:\/\/yixue.se\/wp-content\/uploads\/2025\/02\/Bild-Sifu-Vita-lotusar-1-168x300.jpeg 168w\" sizes=\"auto, (max-width: 358px) 100vw, 358px\" \/><\/figure>\n\n\n\n<figure class=\"wp-block-image size-large\"><img loading=\"lazy\" decoding=\"async\" width=\"768\" height=\"1024\" data-id=\"61\" src=\"https:\/\/new.yixue.se.hemsida.eu\/wp-content\/uploads\/2025\/02\/Halsa-och-lycka-budskap-fran-Skillinge-768x1024.jpg\" alt=\"\" class=\"wp-image-61\" srcset=\"https:\/\/yixue.se\/wp-content\/uploads\/2025\/02\/Halsa-och-lycka-budskap-fran-Skillinge-768x1024.jpg 768w, https:\/\/yixue.se\/wp-content\/uploads\/2025\/02\/Halsa-och-lycka-budskap-fran-Skillinge-225x300.jpg 225w, https:\/\/yixue.se\/wp-content\/uploads\/2025\/02\/Halsa-och-lycka-budskap-fran-Skillinge-1152x1536.jpg 1152w, https:\/\/yixue.se\/wp-content\/uploads\/2025\/02\/Halsa-och-lycka-budskap-fran-Skillinge.jpg 1536w\" sizes=\"auto, (max-width: 768px) 100vw, 768px\" \/><\/figure>\n\n\n\n<figure class=\"wp-block-image size-large\"><img loading=\"lazy\" decoding=\"async\" width=\"1024\" height=\"576\" data-id=\"63\" src=\"https:\/\/new.yixue.se.hemsida.eu\/wp-content\/uploads\/2025\/02\/Lek-vid-havet-Simrishamn-1024x576.jpg\" alt=\"\" class=\"wp-image-63\" srcset=\"https:\/\/yixue.se\/wp-content\/uploads\/2025\/02\/Lek-vid-havet-Simrishamn-1024x576.jpg 1024w, https:\/\/yixue.se\/wp-content\/uploads\/2025\/02\/Lek-vid-havet-Simrishamn-300x169.jpg 300w, https:\/\/yixue.se\/wp-content\/uploads\/2025\/02\/Lek-vid-havet-Simrishamn-768x432.jpg 768w, https:\/\/yixue.se\/wp-content\/uploads\/2025\/02\/Lek-vid-havet-Simrishamn-1536x864.jpg 1536w, https:\/\/yixue.se\/wp-content\/uploads\/2025\/02\/Lek-vid-havet-Simrishamn.jpg 2048w\" sizes=\"auto, (max-width: 1024px) 100vw, 1024px\" \/><\/figure>\n\n\n\n<figure class=\"wp-block-image size-large\"><img loading=\"lazy\" decoding=\"async\" width=\"1024\" height=\"683\" data-id=\"64\" src=\"https:\/\/new.yixue.se.hemsida.eu\/wp-content\/uploads\/2025\/02\/ljuslyktor-stamning--1024x683.jpg\" alt=\"\" class=\"wp-image-64\" srcset=\"https:\/\/yixue.se\/wp-content\/uploads\/2025\/02\/ljuslyktor-stamning--1024x683.jpg 1024w, https:\/\/yixue.se\/wp-content\/uploads\/2025\/02\/ljuslyktor-stamning--300x200.jpg 300w, https:\/\/yixue.se\/wp-content\/uploads\/2025\/02\/ljuslyktor-stamning--768x512.jpg 768w, https:\/\/yixue.se\/wp-content\/uploads\/2025\/02\/ljuslyktor-stamning--1536x1025.jpg 1536w, https:\/\/yixue.se\/wp-content\/uploads\/2025\/02\/ljuslyktor-stamning-.jpg 1920w\" sizes=\"auto, (max-width: 1024px) 100vw, 1024px\" \/><\/figure>\n\n\n\n<figure class=\"wp-block-image size-large\"><img loading=\"lazy\" decoding=\"async\" width=\"500\" height=\"333\" data-id=\"58\" src=\"https:\/\/new.yixue.se.hemsida.eu\/wp-content\/uploads\/2025\/02\/ljustorn-av-varmeljus-altare.jpg\" alt=\"\" class=\"wp-image-58\" srcset=\"https:\/\/yixue.se\/wp-content\/uploads\/2025\/02\/ljustorn-av-varmeljus-altare.jpg 500w, https:\/\/yixue.se\/wp-content\/uploads\/2025\/02\/ljustorn-av-varmeljus-altare-300x200.jpg 300w\" sizes=\"auto, (max-width: 500px) 100vw, 500px\" \/><\/figure>\n\n\n\n<figure class=\"wp-block-image size-large\"><img loading=\"lazy\" decoding=\"async\" width=\"1019\" height=\"683\" data-id=\"76\" src=\"https:\/\/new.yixue.se.hemsida.eu\/wp-content\/uploads\/2025\/02\/Louise-Dietfurt-februari.png\" alt=\"\" class=\"wp-image-76\" srcset=\"https:\/\/yixue.se\/wp-content\/uploads\/2025\/02\/Louise-Dietfurt-februari.png 1019w, https:\/\/yixue.se\/wp-content\/uploads\/2025\/02\/Louise-Dietfurt-februari-300x201.png 300w, https:\/\/yixue.se\/wp-content\/uploads\/2025\/02\/Louise-Dietfurt-februari-768x515.png 768w\" sizes=\"auto, (max-width: 1019px) 100vw, 1019px\" \/><\/figure>\n\n\n\n<figure class=\"wp-block-image size-large\"><img loading=\"lazy\" decoding=\"async\" width=\"1024\" height=\"511\" data-id=\"81\" src=\"https:\/\/new.yixue.se.hemsida.eu\/wp-content\/uploads\/2025\/02\/manniskor-pa-torget-dietfurt-februari-1024x511.png\" alt=\"\" class=\"wp-image-81\" srcset=\"https:\/\/yixue.se\/wp-content\/uploads\/2025\/02\/manniskor-pa-torget-dietfurt-februari-1024x511.png 1024w, https:\/\/yixue.se\/wp-content\/uploads\/2025\/02\/manniskor-pa-torget-dietfurt-februari-300x150.png 300w, https:\/\/yixue.se\/wp-content\/uploads\/2025\/02\/manniskor-pa-torget-dietfurt-februari-768x383.png 768w, https:\/\/yixue.se\/wp-content\/uploads\/2025\/02\/manniskor-pa-torget-dietfurt-februari.png 1358w\" sizes=\"auto, (max-width: 1024px) 100vw, 1024px\" \/><\/figure>\n\n\n\n<figure class=\"wp-block-image size-large\"><img loading=\"lazy\" decoding=\"async\" width=\"957\" height=\"514\" data-id=\"73\" src=\"https:\/\/new.yixue.se.hemsida.eu\/wp-content\/uploads\/2025\/02\/nagra-dansar-i-dietfurt-februari.png\" alt=\"\" class=\"wp-image-73\" srcset=\"https:\/\/yixue.se\/wp-content\/uploads\/2025\/02\/nagra-dansar-i-dietfurt-februari.png 957w, https:\/\/yixue.se\/wp-content\/uploads\/2025\/02\/nagra-dansar-i-dietfurt-februari-300x161.png 300w, https:\/\/yixue.se\/wp-content\/uploads\/2025\/02\/nagra-dansar-i-dietfurt-februari-768x412.png 768w\" sizes=\"auto, (max-width: 957px) 100vw, 957px\" \/><\/figure>\n\n\n\n<figure class=\"wp-block-image size-large\"><img loading=\"lazy\" decoding=\"async\" width=\"1024\" height=\"737\" data-id=\"86\" src=\"https:\/\/new.yixue.se.hemsida.eu\/wp-content\/uploads\/2025\/02\/Dietfurt-Start-1024x737.jpg\" alt=\"\" class=\"wp-image-86\" srcset=\"https:\/\/yixue.se\/wp-content\/uploads\/2025\/02\/Dietfurt-Start-1024x737.jpg 1024w, https:\/\/yixue.se\/wp-content\/uploads\/2025\/02\/Dietfurt-Start-300x216.jpg 300w, https:\/\/yixue.se\/wp-content\/uploads\/2025\/02\/Dietfurt-Start-768x553.jpg 768w, https:\/\/yixue.se\/wp-content\/uploads\/2025\/02\/Dietfurt-Start-1536x1105.jpg 1536w, https:\/\/yixue.se\/wp-content\/uploads\/2025\/02\/Dietfurt-Start-2048x1474.jpg 2048w\" sizes=\"auto, (max-width: 1024px) 100vw, 1024px\" \/><\/figure>\n\n\n\n<figure class=\"wp-block-image size-large\"><img loading=\"lazy\" decoding=\"async\" width=\"1024\" height=\"729\" data-id=\"85\" src=\"https:\/\/new.yixue.se.hemsida.eu\/wp-content\/uploads\/2025\/02\/Sifu-mediterar-med-scarf-1024x729.jpg\" alt=\"\" class=\"wp-image-85\" srcset=\"https:\/\/yixue.se\/wp-content\/uploads\/2025\/02\/Sifu-mediterar-med-scarf-1024x729.jpg 1024w, https:\/\/yixue.se\/wp-content\/uploads\/2025\/02\/Sifu-mediterar-med-scarf-300x213.jpg 300w, https:\/\/yixue.se\/wp-content\/uploads\/2025\/02\/Sifu-mediterar-med-scarf-768x547.jpg 768w, https:\/\/yixue.se\/wp-content\/uploads\/2025\/02\/Sifu-mediterar-med-scarf-1536x1093.jpg 1536w, https:\/\/yixue.se\/wp-content\/uploads\/2025\/02\/Sifu-mediterar-med-scarf-2048x1457.jpg 2048w\" sizes=\"auto, (max-width: 1024px) 100vw, 1024px\" \/><\/figure>\n\n\n\n<figure class=\"wp-block-image size-large\"><img loading=\"lazy\" decoding=\"async\" width=\"1024\" height=\"683\" data-id=\"68\" src=\"https:\/\/new.yixue.se.hemsida.eu\/wp-content\/uploads\/2025\/02\/Stearinljus-och-buddhor-1024x683.jpg\" alt=\"\" class=\"wp-image-68\" srcset=\"https:\/\/yixue.se\/wp-content\/uploads\/2025\/02\/Stearinljus-och-buddhor-1024x683.jpg 1024w, https:\/\/yixue.se\/wp-content\/uploads\/2025\/02\/Stearinljus-och-buddhor-300x200.jpg 300w, https:\/\/yixue.se\/wp-content\/uploads\/2025\/02\/Stearinljus-och-buddhor-768x512.jpg 768w, https:\/\/yixue.se\/wp-content\/uploads\/2025\/02\/Stearinljus-och-buddhor-1536x1024.jpg 1536w, https:\/\/yixue.se\/wp-content\/uploads\/2025\/02\/Stearinljus-och-buddhor.jpg 1920w\" sizes=\"auto, (max-width: 1024px) 100vw, 1024px\" \/><\/figure>\n\n\n\n<figure class=\"wp-block-image size-large\"><img loading=\"lazy\" decoding=\"async\" width=\"746\" height=\"1024\" data-id=\"89\" src=\"https:\/\/new.yixue.se.hemsida.eu\/wp-content\/uploads\/2025\/02\/fabonacci-746x1024.jpeg\" alt=\"\" class=\"wp-image-89\" srcset=\"https:\/\/yixue.se\/wp-content\/uploads\/2025\/02\/fabonacci-746x1024.jpeg 746w, https:\/\/yixue.se\/wp-content\/uploads\/2025\/02\/fabonacci-219x300.jpeg 219w, https:\/\/yixue.se\/wp-content\/uploads\/2025\/02\/fabonacci-768x1054.jpeg 768w, https:\/\/yixue.se\/wp-content\/uploads\/2025\/02\/fabonacci-1120x1536.jpeg 1120w, https:\/\/yixue.se\/wp-content\/uploads\/2025\/02\/fabonacci-1493x2048.jpeg 1493w, https:\/\/yixue.se\/wp-content\/uploads\/2025\/02\/fabonacci-scaled.jpeg 1866w\" sizes=\"auto, (max-width: 746px) 100vw, 746px\" \/><\/figure>\n\n\n\n<figure class=\"wp-block-image size-large\"><img loading=\"lazy\" decoding=\"async\" width=\"720\" height=\"720\" data-id=\"59\" src=\"https:\/\/new.yixue.se.hemsida.eu\/wp-content\/uploads\/2025\/02\/YiXue-logga-hemsida.jpg\" alt=\"\" class=\"wp-image-59\" srcset=\"https:\/\/yixue.se\/wp-content\/uploads\/2025\/02\/YiXue-logga-hemsida.jpg 720w, https:\/\/yixue.se\/wp-content\/uploads\/2025\/02\/YiXue-logga-hemsida-300x300.jpg 300w, https:\/\/yixue.se\/wp-content\/uploads\/2025\/02\/YiXue-logga-hemsida-150x150.jpg 150w\" sizes=\"auto, (max-width: 720px) 100vw, 720px\" \/><\/figure>\n<\/figure>\n","protected":false},"excerpt":{"rendered":"<p>Kika in i v\u00e5rt videogalleri! H\u00e4r visar vi lite av v\u00e5ra olika danser och en fin intervju med Joyce Mok som ber\u00e4ttar lite om YiXue! BLANDADE FOTON<\/p>\n","protected":false},"author":1,"featured_media":0,"parent":0,"menu_order":0,"comment_status":"closed","ping_status":"closed","template":"","meta":{"footnotes":""},"class_list":["post-54","page","type-page","status-publish","hentry"],"_links":{"self":[{"href":"https:\/\/yixue.se\/index.php\/wp-json\/wp\/v2\/pages\/54","targetHints":{"allow":["GET"]}}],"collection":[{"href":"https:\/\/yixue.se\/index.php\/wp-json\/wp\/v2\/pages"}],"about":[{"href":"https:\/\/yixue.se\/index.php\/wp-json\/wp\/v2\/types\/page"}],"author":[{"embeddable":true,"href":"https:\/\/yixue.se\/index.php\/wp-json\/wp\/v2\/users\/1"}],"replies":[{"embeddable":true,"href":"https:\/\/yixue.se\/index.php\/wp-json\/wp\/v2\/comments?post=54"}],"version-history":[{"count":2,"href":"https:\/\/yixue.se\/index.php\/wp-json\/wp\/v2\/pages\/54\/revisions"}],"predecessor-version":[{"id":90,"href":"https:\/\/yixue.se\/index.php\/wp-json\/wp\/v2\/pages\/54\/revisions\/90"}],"wp:attachment":[{"href":"https:\/\/yixue.se\/index.php\/wp-json\/wp\/v2\/media?parent=54"}],"curies":[{"name":"wp","href":"https:\/\/api.w.org\/{rel}","templated":true}]}}