{"id":48,"date":"2025-02-16T19:09:05","date_gmt":"2025-02-16T19:09:05","guid":{"rendered":"https:\/\/new.yixue.se.hemsida.eu\/?page_id=48"},"modified":"2025-02-17T20:28:09","modified_gmt":"2025-02-17T20:28:09","slug":"yixue-skolor","status":"publish","type":"page","link":"https:\/\/yixue.se\/index.php\/yixue-skolor\/","title":{"rendered":"YiXue skolor"},"content":{"rendered":"\n<p>YiXue expanderar inom skolomr\u00e5det och planerar verksamheter i flera l\u00e4nder, med start i Tyskland. <\/p>\n\n\n\n<p>Skolorna kommer erbjuda YiXue-\u00f6vningar som ett till\u00e4gg till den ordinarie l\u00e4roplanen samt att erbjuda n\u00e4rhet till djur och natur genom bland annat sm\u00e5skalig djurh\u00e5llning. <\/p>\n\n\n\n<p><\/p>\n\n\n\n<figure class=\"wp-block-image size-full\"><img loading=\"lazy\" decoding=\"async\" width=\"710\" height=\"524\" src=\"https:\/\/yixue.se\/wp-content\/uploads\/2025\/02\/collage-skola-1.png\" alt=\"\" class=\"wp-image-143\" srcset=\"https:\/\/yixue.se\/wp-content\/uploads\/2025\/02\/collage-skola-1.png 710w, https:\/\/yixue.se\/wp-content\/uploads\/2025\/02\/collage-skola-1-300x221.png 300w\" sizes=\"auto, (max-width: 710px) 100vw, 710px\" \/><\/figure>\n\n\n\n<p>Den pedagogiska modell som utvecklats inom YiXue st\u00f6djer barn och unga i utvecklingen av fysisk och psykisk h\u00e4lsa, intellekt, inl\u00e4rningsf\u00f6rm\u00e5ga och emotionell stabilitet. Detta g\u00f6r det m\u00f6jligt att utvecklas till socialt ansvarstagande samh\u00e4llsmedborgare med en etisk medvetenhet och moralisk integritet.<\/p>\n\n\n\n<p>En inledande l\u00e5ngtidsstudie vid Maltas universitet, finansierad av Maltas utbildningsdepartement, visar den \u00f6vergripande positiva effekten av YiXue-metoderna. B\u00e5de elever och l\u00e4rare som praktiserar YiXue-\u00f6vningarna upplever en betydande \u00f6kning i koncentration, mental och fysisk styrka samt avslappning, d\u00e5 de f\u00e5r en b\u00e4ttre k\u00e4nsla f\u00f6r sig sj\u00e4lva och sina medm\u00e4nniskor. Majoriteten av deltagarna i studien rapporterar ocks\u00e5 ok\u00e4nd sj\u00e4lvk\u00e4nsla, gl\u00e4dje och l\u00e4tthet. (L\u00e4s mer under fliken &#8221;Forskning&#8221;)<\/p>\n\n\n\n<p><\/p>\n","protected":false},"excerpt":{"rendered":"<p>YiXue expanderar inom skolomr\u00e5det och planerar verksamheter i flera l\u00e4nder, med start i Tyskland. Skolorna kommer erbjuda YiXue-\u00f6vningar som ett till\u00e4gg till den ordinarie l\u00e4roplanen samt att erbjuda n\u00e4rhet till djur och natur genom bland annat sm\u00e5skalig djurh\u00e5llning. Den pedagogiska modell som utvecklats inom YiXue st\u00f6djer barn och unga i utvecklingen av fysisk och psykisk [&hellip;]<\/p>\n","protected":false},"author":1,"featured_media":0,"parent":0,"menu_order":0,"comment_status":"closed","ping_status":"closed","template":"","meta":{"footnotes":""},"class_list":["post-48","page","type-page","status-publish","hentry"],"_links":{"self":[{"href":"https:\/\/yixue.se\/index.php\/wp-json\/wp\/v2\/pages\/48","targetHints":{"allow":["GET"]}}],"collection":[{"href":"https:\/\/yixue.se\/index.php\/wp-json\/wp\/v2\/pages"}],"about":[{"href":"https:\/\/yixue.se\/index.php\/wp-json\/wp\/v2\/types\/page"}],"author":[{"embeddable":true,"href":"https:\/\/yixue.se\/index.php\/wp-json\/wp\/v2\/users\/1"}],"replies":[{"embeddable":true,"href":"https:\/\/yixue.se\/index.php\/wp-json\/wp\/v2\/comments?post=48"}],"version-history":[{"count":5,"href":"https:\/\/yixue.se\/index.php\/wp-json\/wp\/v2\/pages\/48\/revisions"}],"predecessor-version":[{"id":152,"href":"https:\/\/yixue.se\/index.php\/wp-json\/wp\/v2\/pages\/48\/revisions\/152"}],"wp:attachment":[{"href":"https:\/\/yixue.se\/index.php\/wp-json\/wp\/v2\/media?parent=48"}],"curies":[{"name":"wp","href":"https:\/\/api.w.org\/{rel}","templated":true}]}}