{"id":42,"date":"2025-02-16T19:07:32","date_gmt":"2025-02-16T19:07:32","guid":{"rendered":"https:\/\/new.yixue.se.hemsida.eu\/?page_id=42"},"modified":"2025-03-06T20:41:59","modified_gmt":"2025-03-06T20:41:59","slug":"traning-och-aktiviteter","status":"publish","type":"page","link":"https:\/\/yixue.se\/index.php\/traning-och-aktiviteter\/","title":{"rendered":"Tr\u00e4ning och aktiviteter"},"content":{"rendered":"\n<p>YiXue anordnar b\u00e5de svenska och internationella tr\u00e4ningsgrupper, b\u00e5de online och p\u00e5 plats. <\/p>\n\n\n\n<h2 class=\"wp-block-heading\">Internationella tr\u00e4ningsgrupper online<\/h2>\n\n\n\n<h2 class=\"wp-block-heading is-style-text-subtitle is-style-text-subtitle--1\">Seniorer<\/h2>\n\n\n\n<p>Vi erbjuder verktyg f\u00f6r ett lyckligt, h\u00e4lsosamt, autonomt och tillfredsst\u00e4llande \u00e5ldrande. Vi tror p\u00e5 en naturlig gemenskap, b\u00e5de med j\u00e4mn\u00e5riga, familjer och barn. Att h\u00f6ja livskvaliteten \u00e4r det prim\u00e4ra m\u00e5let f\u00f6r v\u00e5r verksamhet.<\/p>\n\n\n\n<div class=\"wp-block-media-text is-stacked-on-mobile\" style=\"grid-template-columns:34% auto\"><figure class=\"wp-block-media-text__media\"><img loading=\"lazy\" decoding=\"async\" width=\"498\" height=\"263\" src=\"https:\/\/yixue.se\/wp-content\/uploads\/2025\/02\/Seniorer.png\" alt=\"\" class=\"wp-image-155 size-full\" srcset=\"https:\/\/yixue.se\/wp-content\/uploads\/2025\/02\/Seniorer.png 498w, https:\/\/yixue.se\/wp-content\/uploads\/2025\/02\/Seniorer-300x158.png 300w\" sizes=\"auto, (max-width: 498px) 100vw, 498px\" \/><\/figure><div class=\"wp-block-media-text__content\">\n<p>Seniorerna har en egen internationell online tr\u00e4ningsgrupp p\u00e5 tisdagar klockan 10-11. Kontakta oss f\u00f6r mer information.<\/p>\n<\/div><\/div>\n\n\n\n<p>YiXue forskar kring nya utbildningsmetoder och verktyg f\u00f6r att fr\u00e4mja<br>v\u00e4lbefinnande och l\u00e5ngt liv hos \u00e4ldre individer. Olika v\u00e4gar till h\u00e4lsa<br>f\u00f6r kropp, sinne och sj\u00e4l utforskas. N\u00e4r den dynamiska livskraften \u00f6kar, \u00f6kar ocks\u00e5 livskvaliteten.<\/p>\n\n\n\n<h2 class=\"wp-block-heading is-style-text-subtitle is-style-text-subtitle--2\">Familjer<\/h2>\n\n\n\n<p>Vi anordnar aktiviteter f\u00f6r familjer d\u00e4r \u00f6vningar och uppl\u00e4gg passar f\u00f6r alla \u00e5ldrar. Vi l\u00e4r oss metoder f\u00f6r att alla familjemedlemmar ska m\u00e5 bra, vilket skapar f\u00f6ruts\u00e4ttningar f\u00f6r att hela familjen ska kunna kunna leva i balans med varandra.<\/p>\n\n\n\n<div class=\"wp-block-media-text is-stacked-on-mobile\" style=\"grid-template-columns:26% auto\"><figure class=\"wp-block-media-text__media\"><img loading=\"lazy\" decoding=\"async\" width=\"334\" height=\"265\" src=\"https:\/\/yixue.se\/wp-content\/uploads\/2025\/02\/barn-kung-fu.png\" alt=\"\" class=\"wp-image-157 size-full\" srcset=\"https:\/\/yixue.se\/wp-content\/uploads\/2025\/02\/barn-kung-fu.png 334w, https:\/\/yixue.se\/wp-content\/uploads\/2025\/02\/barn-kung-fu-300x238.png 300w\" sizes=\"auto, (max-width: 334px) 100vw, 334px\" \/><\/figure><div class=\"wp-block-media-text__content\">\n<p>Familjer har en egen internationell online tr\u00e4ningsgrupp p\u00e5 tisdagar klockan 10-11. Kontakta oss f\u00f6r mer information.<\/p>\n<\/div><\/div>\n\n\n\n<p><\/p>\n\n\n\n<h2 class=\"wp-block-heading is-style-text-subtitle is-style-text-subtitle--3\">Svensk online tr\u00e4ningsgrupp<\/h2>\n\n\n\n<div class=\"wp-block-media-text is-stacked-on-mobile\" style=\"grid-template-columns:26% auto\"><figure class=\"wp-block-media-text__media\"><img loading=\"lazy\" decoding=\"async\" width=\"1024\" height=\"519\" src=\"https:\/\/yixue.se\/wp-content\/uploads\/2025\/02\/Vit-lotus-2-1024x519.jpg\" alt=\"\" class=\"wp-image-226 size-full\" srcset=\"https:\/\/yixue.se\/wp-content\/uploads\/2025\/02\/Vit-lotus-2-1024x519.jpg 1024w, https:\/\/yixue.se\/wp-content\/uploads\/2025\/02\/Vit-lotus-2-300x152.jpg 300w, https:\/\/yixue.se\/wp-content\/uploads\/2025\/02\/Vit-lotus-2-768x389.jpg 768w, https:\/\/yixue.se\/wp-content\/uploads\/2025\/02\/Vit-lotus-2-1536x779.jpg 1536w, https:\/\/yixue.se\/wp-content\/uploads\/2025\/02\/Vit-lotus-2.jpg 2048w\" sizes=\"auto, (max-width: 1024px) 100vw, 1024px\" \/><\/figure><div class=\"wp-block-media-text__content\">\n<p>Zoom, torsdagar klockan 20:00<\/p>\n\n\n\n<p>Tr\u00e4ningsledare: Veronica Lindeberg, 079 340 70 48<\/p>\n<\/div><\/div>\n\n\n\n<p><\/p>\n\n\n\n<h2 class=\"wp-block-heading\"><\/h2>\n\n\n\n<h2 class=\"wp-block-heading is-style-text-subtitle is-style-text-subtitle--4\">Fysiska tr\u00e4ningsgrupper<\/h2>\n\n\n\n<div class=\"wp-block-media-text is-stacked-on-mobile\" style=\"grid-template-columns:26% auto\"><figure class=\"wp-block-media-text__media\"><img loading=\"lazy\" decoding=\"async\" width=\"1024\" height=\"519\" src=\"https:\/\/yixue.se\/wp-content\/uploads\/2025\/02\/Vit-lotus-2-1024x519.jpg\" alt=\"\" class=\"wp-image-226 size-full\" srcset=\"https:\/\/yixue.se\/wp-content\/uploads\/2025\/02\/Vit-lotus-2-1024x519.jpg 1024w, https:\/\/yixue.se\/wp-content\/uploads\/2025\/02\/Vit-lotus-2-300x152.jpg 300w, https:\/\/yixue.se\/wp-content\/uploads\/2025\/02\/Vit-lotus-2-768x389.jpg 768w, https:\/\/yixue.se\/wp-content\/uploads\/2025\/02\/Vit-lotus-2-1536x779.jpg 1536w, https:\/\/yixue.se\/wp-content\/uploads\/2025\/02\/Vit-lotus-2.jpg 2048w\" sizes=\"auto, (max-width: 1024px) 100vw, 1024px\" \/><\/figure><div class=\"wp-block-media-text__content\">\n<p>Simrishamn, Ravlunda Gamla skola<\/p>\n\n\n\n<p>Torsdagar klockan 18:30-20<\/p>\n\n\n\n<p>Tr\u00e4ningsledare: Lena Viredius, 073 042 74 20<\/p>\n<\/div><\/div>\n\n\n\n<p class=\"is-style-text-subtitle is-style-text-subtitle--5\"><\/p>\n\n\n\n<div class=\"wp-block-media-text is-stacked-on-mobile\" style=\"grid-template-columns:26% auto\"><figure class=\"wp-block-media-text__media\"><img loading=\"lazy\" decoding=\"async\" width=\"1024\" height=\"519\" src=\"https:\/\/yixue.se\/wp-content\/uploads\/2025\/02\/Vit-lotus-2-1024x519.jpg\" alt=\"\" class=\"wp-image-226 size-full\" srcset=\"https:\/\/yixue.se\/wp-content\/uploads\/2025\/02\/Vit-lotus-2-1024x519.jpg 1024w, https:\/\/yixue.se\/wp-content\/uploads\/2025\/02\/Vit-lotus-2-300x152.jpg 300w, https:\/\/yixue.se\/wp-content\/uploads\/2025\/02\/Vit-lotus-2-768x389.jpg 768w, https:\/\/yixue.se\/wp-content\/uploads\/2025\/02\/Vit-lotus-2-1536x779.jpg 1536w, https:\/\/yixue.se\/wp-content\/uploads\/2025\/02\/Vit-lotus-2.jpg 2048w\" sizes=\"auto, (max-width: 1024px) 100vw, 1024px\" \/><\/figure><div class=\"wp-block-media-text__content\">\n<p>Ulricehamn, Folkets Hus Annexet<\/p>\n\n\n\n<p>Torsdagar klockan 19-20:45<\/p>\n\n\n\n<p>Tr\u00e4ningsledare: Kristina Fasth, 0731 51 18 40<\/p>\n<\/div><\/div>\n\n\n\n<p class=\"is-style-text-subtitle is-style-text-subtitle--6\"><\/p>\n\n\n\n<p><\/p>\n\n\n\n<div class=\"wp-block-columns is-layout-flex wp-container-core-columns-is-layout-28f84493 wp-block-columns-is-layout-flex\">\n<div class=\"wp-block-column is-layout-flow wp-block-column-is-layout-flow\" style=\"flex-basis:100%\">\n<figure class=\"wp-block-gallery has-nested-images columns-default is-cropped wp-block-gallery-7 is-layout-flex wp-block-gallery-is-layout-flex\">\n<figure class=\"wp-block-image size-large\"><img loading=\"lazy\" decoding=\"async\" width=\"513\" height=\"548\" data-id=\"190\" src=\"https:\/\/yixue.se\/wp-content\/uploads\/2025\/02\/barn-mediterar.png\" alt=\"\" class=\"wp-image-190\" srcset=\"https:\/\/yixue.se\/wp-content\/uploads\/2025\/02\/barn-mediterar.png 513w, https:\/\/yixue.se\/wp-content\/uploads\/2025\/02\/barn-mediterar-281x300.png 281w\" sizes=\"auto, (max-width: 513px) 100vw, 513px\" \/><figcaption class=\"wp-element-caption\">Stillhet<\/figcaption><\/figure>\n\n\n\n<figure class=\"wp-block-image size-large\"><img loading=\"lazy\" decoding=\"async\" width=\"334\" height=\"265\" data-id=\"157\" src=\"https:\/\/yixue.se\/wp-content\/uploads\/2025\/02\/barn-kung-fu.png\" alt=\"\" class=\"wp-image-157\" srcset=\"https:\/\/yixue.se\/wp-content\/uploads\/2025\/02\/barn-kung-fu.png 334w, https:\/\/yixue.se\/wp-content\/uploads\/2025\/02\/barn-kung-fu-300x238.png 300w\" sizes=\"auto, (max-width: 334px) 100vw, 334px\" \/><figcaption class=\"wp-element-caption\">B\u00e5de stillhet och r\u00f6relse<\/figcaption><\/figure>\n\n\n\n<figure class=\"wp-block-image size-large\"><img loading=\"lazy\" decoding=\"async\" width=\"498\" height=\"263\" data-id=\"155\" src=\"https:\/\/yixue.se\/wp-content\/uploads\/2025\/02\/Seniorer.png\" alt=\"\" class=\"wp-image-155\" srcset=\"https:\/\/yixue.se\/wp-content\/uploads\/2025\/02\/Seniorer.png 498w, https:\/\/yixue.se\/wp-content\/uploads\/2025\/02\/Seniorer-300x158.png 300w\" sizes=\"auto, (max-width: 498px) 100vw, 498px\" \/><figcaption class=\"wp-element-caption\">R\u00f6relse<\/figcaption><\/figure>\n<\/figure>\n<\/div>\n<\/div>\n\n\n\n<p>Hur enkla \u00f6vningar i r\u00f6relse och stillhet kan hj\u00e4lpa oss i vardagen&#8230; <\/p>\n\n\n\n<p>\u2022 bibeh\u00e5lla styrka<br>\u2022 b\u00e4ttra sj\u00e4lvk\u00e4nsla<br>\u2022 mera balanserad<br>\u2022 \u00f6kad f\u00f6rst\u00e5else f\u00f6r v\u00e5r omgivning<br>\u2022 b\u00e4ttre och mera stabilt hum\u00f6r<br>\u2022 mera energi<br>\u2022 hantera k\u00e4nslor<br>\u2022 b\u00e4ttre fokus och koncentration <br>\u2022 l\u00e4ttare att fatta beslut<\/p>\n\n\n\n<p><\/p>\n\n\n\n<h2 class=\"wp-block-heading\">Lotuscaf\u00e9<\/h2>\n\n\n\n<p>F\u00f6rsta s\u00f6ndagen varje m\u00e5nad anordnar vi ett s\u00e5 kallat lotuscaf\u00e9 online, d\u00e4r vi kan tr\u00e4ffa andra som tr\u00e4nar YiXue och diskutera upplevelser och erfarenheter.  Vi tr\u00e4ffas vid 17 och praktiserar drop-in! <\/p>\n\n\n\n<div class=\"wp-block-media-text is-stacked-on-mobile\" style=\"grid-template-columns:15% auto\"><figure class=\"wp-block-media-text__media\"><img decoding=\"async\" src=\"https:\/\/yixue.se\/wp-content\/uploads\/2025\/02\/Lotus-blad-narbild.jpg\" alt=\"\" class=\"wp-image-83 size-full\"\/><\/figure><div class=\"wp-block-media-text__content\">\n<p><a href=\"https:\/\/us02web.zoom.us\/j\/86008189977?pwd=OU1VZzloVm1Ia2VyY2swSFhWS1VEZz09\">L\u00c4NK TILL LOTUSCAF\u00c9<\/a><\/p>\n<\/div><\/div>\n\n\n\n<h2 class=\"wp-block-heading\"><\/h2>\n\n\n\n<h2 class=\"wp-block-heading\">YiXue -events<\/h2>\n\n\n\n<figure class=\"wp-block-embed is-type-wp-embed is-provider-yixue-de wp-block-embed-yixue-de\"><div class=\"wp-block-embed__wrapper\">\n<blockquote class=\"wp-embedded-content\" data-secret=\"VbiObOhUJI\"><a href=\"https:\/\/yixue.de\/en\/event\/\">YiXue Events 2024<\/a><\/blockquote><iframe loading=\"lazy\" class=\"wp-embedded-content\" sandbox=\"allow-scripts\" security=\"restricted\" style=\"position: absolute; visibility: hidden;\" title=\"&#8220;YiXue Events 2024&#8221; &#8212; yixue.de\" src=\"https:\/\/yixue.de\/en\/event\/embed\/#?secret=Hvx3OtIRdb#?secret=VbiObOhUJI\" data-secret=\"VbiObOhUJI\" width=\"500\" height=\"282\" frameborder=\"0\" marginwidth=\"0\" marginheight=\"0\" scrolling=\"no\"><\/iframe>\n<\/div><\/figure>\n\n\n\n<h2 class=\"wp-block-heading\"><\/h2>\n\n\n\n<p>Registreringsportal<\/p>\n\n\n\n<p>H\u00e4r kan du g\u00e5 direkt till f\u00f6r anm\u00e4lan till kommande evenemang. <\/p>\n\n\n\n<p><a href=\"https:\/\/v2202004119103114941.luckysrv.de:8443\/yixueweb\/portal\">YIXUE REGISTRERINGSPORTAL<\/a><\/p>\n\n\n\n<p><\/p>\n\n\n\n<h2 class=\"wp-block-heading\">Evenemangskalender \u00f6versiktlig<\/h2>\n\n\n\n<p>En prelimin\u00e4r \u00f6versikt \u00f6ver internationella aktiviteter 2025. Informationen uppdateras l\u00f6pande. Klicka p\u00e5 l\u00e4nken h\u00e4r. <\/p>\n\n\n\n<figure class=\"wp-block-gallery has-nested-images columns-default is-cropped wp-block-gallery-8 is-layout-flex wp-block-gallery-is-layout-flex\">\n<figure class=\"wp-block-image size-large\"><img loading=\"lazy\" decoding=\"async\" width=\"942\" height=\"666\" data-id=\"229\" src=\"https:\/\/yixue.se\/wp-content\/uploads\/2025\/02\/Arskalender-1-2025.png\" alt=\"\" class=\"wp-image-229\" srcset=\"https:\/\/yixue.se\/wp-content\/uploads\/2025\/02\/Arskalender-1-2025.png 942w, https:\/\/yixue.se\/wp-content\/uploads\/2025\/02\/Arskalender-1-2025-300x212.png 300w, https:\/\/yixue.se\/wp-content\/uploads\/2025\/02\/Arskalender-1-2025-768x543.png 768w\" sizes=\"auto, (max-width: 942px) 100vw, 942px\" \/><\/figure>\n\n\n\n<figure class=\"wp-block-image size-large\"><img loading=\"lazy\" decoding=\"async\" width=\"906\" height=\"631\" data-id=\"230\" src=\"https:\/\/yixue.se\/wp-content\/uploads\/2025\/02\/Arskalender-2-2025.png\" alt=\"\" class=\"wp-image-230\" srcset=\"https:\/\/yixue.se\/wp-content\/uploads\/2025\/02\/Arskalender-2-2025.png 906w, https:\/\/yixue.se\/wp-content\/uploads\/2025\/02\/Arskalender-2-2025-300x209.png 300w, https:\/\/yixue.se\/wp-content\/uploads\/2025\/02\/Arskalender-2-2025-768x535.png 768w\" sizes=\"auto, (max-width: 906px) 100vw, 906px\" \/><\/figure>\n<\/figure>\n\n\n\n<p><\/p>\n\n\n\n<h2 class=\"wp-block-heading\"><\/h2>\n","protected":false},"excerpt":{"rendered":"<p>YiXue anordnar b\u00e5de svenska och internationella tr\u00e4ningsgrupper, b\u00e5de online och p\u00e5 plats. Internationella tr\u00e4ningsgrupper online Seniorer Vi erbjuder verktyg f\u00f6r ett lyckligt, h\u00e4lsosamt, autonomt och tillfredsst\u00e4llande \u00e5ldrande. Vi tror p\u00e5 en naturlig gemenskap, b\u00e5de med j\u00e4mn\u00e5riga, familjer och barn. Att h\u00f6ja livskvaliteten \u00e4r det prim\u00e4ra m\u00e5let f\u00f6r v\u00e5r verksamhet. Seniorerna har en egen internationell online [&hellip;]<\/p>\n","protected":false},"author":1,"featured_media":0,"parent":0,"menu_order":0,"comment_status":"closed","ping_status":"closed","template":"","meta":{"footnotes":""},"class_list":["post-42","page","type-page","status-publish","hentry"],"_links":{"self":[{"href":"https:\/\/yixue.se\/index.php\/wp-json\/wp\/v2\/pages\/42","targetHints":{"allow":["GET"]}}],"collection":[{"href":"https:\/\/yixue.se\/index.php\/wp-json\/wp\/v2\/pages"}],"about":[{"href":"https:\/\/yixue.se\/index.php\/wp-json\/wp\/v2\/types\/page"}],"author":[{"embeddable":true,"href":"https:\/\/yixue.se\/index.php\/wp-json\/wp\/v2\/users\/1"}],"replies":[{"embeddable":true,"href":"https:\/\/yixue.se\/index.php\/wp-json\/wp\/v2\/comments?post=42"}],"version-history":[{"count":28,"href":"https:\/\/yixue.se\/index.php\/wp-json\/wp\/v2\/pages\/42\/revisions"}],"predecessor-version":[{"id":280,"href":"https:\/\/yixue.se\/index.php\/wp-json\/wp\/v2\/pages\/42\/revisions\/280"}],"wp:attachment":[{"href":"https:\/\/yixue.se\/index.php\/wp-json\/wp\/v2\/media?parent=42"}],"curies":[{"name":"wp","href":"https:\/\/api.w.org\/{rel}","templated":true}]}}